{"id":1039,"date":"2022-04-30T11:53:14","date_gmt":"2022-04-30T11:53:14","guid":{"rendered":"https:\/\/cvclinic.xyz\/blog\/"},"modified":"2024-03-08T13:48:31","modified_gmt":"2024-03-08T13:48:31","slug":"blog","status":"publish","type":"page","link":"https:\/\/cvcclinic.com\/es\/blog\/","title":{"rendered":"Blog"},"content":{"rendered":"<p><div class=\"fusion-fullwidth fullwidth-box fusion-builder-row-1 fusion-flex-container fusion-parallax-none nonhundred-percent-fullwidth non-hundred-percent-height-scrolling\" style=\"--awb-border-radius-top-left:0px;--awb-border-radius-top-right:0px;--awb-border-radius-bottom-right:0px;--awb-border-radius-bottom-left:0px;--awb-margin-top:4.5%;--awb-background-image:url(&quot;https:\/\/cvcclinic.com\/wp-content\/uploads\/2022\/04\/castle-valley-bg.png&quot;);--awb-background-size:cover;--awb-flex-wrap:wrap;\" ><div class=\"fusion-builder-row fusion-row fusion-flex-align-items-flex-start fusion-flex-justify-content-space-between fusion-flex-content-wrap\" style=\"max-width:1248px;margin-left: calc(-4% \/ 2 );margin-right: calc(-4% \/ 2 );\"><div class=\"fusion-layout-column fusion_builder_column fusion-builder-column-0 fusion_builder_column_1_1 1_1 fusion-flex-column fusion-no-medium-visibility fusion-no-large-visibility\" style=\"--awb-bg-size:cover;--awb-width-large:100%;--awb-margin-top-large:0px;--awb-spacing-right-large:1.92%;--awb-margin-bottom-large:20px;--awb-spacing-left-large:1.92%;--awb-width-medium:100%;--awb-order-medium:0;--awb-spacing-right-medium:1.92%;--awb-spacing-left-medium:1.92%;--awb-width-small:100%;--awb-order-small:0;--awb-spacing-right-small:1.92%;--awb-spacing-left-small:1.92%;\"><div class=\"fusion-column-wrapper fusion-column-has-shadow fusion-flex-justify-content-flex-start fusion-content-layout-column\"><div class=\"fusion-separator fusion-no-medium-visibility fusion-no-large-visibility fusion-full-width-sep\" style=\"align-self: center;margin-left: auto;margin-right: auto;margin-top:50px;width:100%;\"><\/div><\/div><\/div><div class=\"fusion-layout-column fusion_builder_column fusion-builder-column-1 fusion_builder_column_1_2 1_2 fusion-flex-column\" style=\"--awb-bg-size:cover;--awb-width-large:50%;--awb-margin-top-large:0px;--awb-spacing-right-large:3.84%;--awb-margin-bottom-large:20px;--awb-spacing-left-large:3.84%;--awb-width-medium:50%;--awb-order-medium:0;--awb-spacing-right-medium:3.84%;--awb-spacing-left-medium:3.84%;--awb-width-small:100%;--awb-order-small:0;--awb-spacing-right-small:1.92%;--awb-spacing-left-small:1.92%;\"><div class=\"fusion-column-wrapper fusion-column-has-shadow fusion-flex-justify-content-flex-start fusion-content-layout-column\"><div class=\"fusion-text fusion-text-1\" style=\"--awb-text-transform:none;\"><h1 style=\"font-size: 22px;\">Blog CVCC<\/h1>\n<p style=\"margin-top: -12px; size: 10px;\">Tel\u00e9fono: <a href=\"tel:+19709843333\">(970) 984-3333<\/a><\/p>\n<\/div><\/div><\/div><div class=\"fusion-layout-column fusion_builder_column fusion-builder-column-2 fusion_builder_column_1_6 1_6 fusion-flex-column fusion-flex-align-self-center fusion-no-small-visibility\" style=\"--awb-bg-size:cover;--awb-width-large:16.666666666667%;--awb-margin-top-large:0px;--awb-spacing-right-large:11.52%;--awb-margin-bottom-large:20px;--awb-spacing-left-large:11.52%;--awb-width-medium:16.666666666667%;--awb-order-medium:0;--awb-spacing-right-medium:11.52%;--awb-spacing-left-medium:11.52%;--awb-width-small:100%;--awb-order-small:0;--awb-spacing-right-small:1.92%;--awb-spacing-left-small:1.92%;\"><div class=\"fusion-column-wrapper fusion-column-has-shadow fusion-flex-justify-content-flex-end fusion-content-layout-row\"><div class=\"fusion-sharing-box fusion-sharing-box-1 fusion-no-small-visibility\" style=\"background-color:var(--awb-color2);border-color:#cccccc;--awb-margin-top:0px;--awb-margin-right:0px;--awb-margin-bottom:0px;--awb-margin-left:0px;--awb-separator-border-color:#cccccc;--awb-separator-border-sizes:0px;--awb-layout:row;--awb-alignment-small:space-between;--awb-stacked-align-small:center;\" data-title=\"Blog\" data-description=\"Blog CVCC\nTel\u00e9fono: (970) 984-3333   Lea lo \u00faltimo sobre salud infantil, noticias cl\u00ednicas y otros art\u00edculos relacionados con la atenci\u00f3n sanitaria, as\u00ed como art\u00edculos de padres como usted.\" data-link=\"https:\/\/cvcclinic.com\/es\/blog\/\"><div class=\"fusion-social-networks sharingbox-shortcode-icon-wrapper sharingbox-shortcode-icon-wrapper-1\"><span><a href=\"https:\/\/www.facebook.com\/sharer.php?u=https%3A%2F%2Fcvcclinic.com%2Fes%2Fblog%2F&amp;t=Blog\" target=\"_blank\" rel=\"noreferrer\" title=\"Facebook\" aria-label=\"Facebook\" data-placement=\"top\" data-toggle=\"tooltip\" data-title=\"Facebook\"><i class=\"fusion-social-network-icon fusion-tooltip fusion-facebook awb-icon-facebook\" style=\"color:var(--awb-color8);\" aria-hidden=\"true\"><\/i><\/a><\/span><span><a href=\"https:\/\/x.com\/intent\/post?text=Blog&amp;url=https%3A%2F%2Fcvcclinic.com%2Fes%2Fblog%2F\" target=\"_blank\" rel=\"noopener noreferrer\" title=\"X\" aria-label=\"X\" data-placement=\"top\" data-toggle=\"tooltip\" data-title=\"X\"><i class=\"fusion-social-network-icon fusion-tooltip fusion-twitter awb-icon-twitter\" style=\"color:var(--awb-color8);\" aria-hidden=\"true\"><\/i><\/a><\/span><span><a href=\"mailto:?subject=Blog&amp;body=https%3A%2F%2Fcvcclinic.com%2Fes%2Fblog%2F\" target=\"_self\" title=\"Email\" aria-label=\"Email\" data-placement=\"top\" data-toggle=\"tooltip\" data-title=\"Email\"><i class=\"fusion-social-network-icon fusion-tooltip fusion-mail awb-icon-mail\" style=\"color:var(--awb-color8);\" aria-hidden=\"true\"><\/i><\/a><\/span><\/div><\/div><\/div><\/div><div class=\"fusion-layout-column fusion_builder_column fusion-builder-column-3 fusion_builder_column_1_1 1_1 fusion-flex-column\" style=\"--awb-bg-size:cover;--awb-width-large:100%;--awb-margin-top-large:0px;--awb-spacing-right-large:1.92%;--awb-margin-bottom-large:20px;--awb-spacing-left-large:1.92%;--awb-width-medium:100%;--awb-order-medium:0;--awb-spacing-right-medium:1.92%;--awb-spacing-left-medium:1.92%;--awb-width-small:100%;--awb-order-small:0;--awb-spacing-right-small:1.92%;--awb-spacing-left-small:1.92%;\"><div class=\"fusion-column-wrapper fusion-column-has-shadow fusion-flex-justify-content-flex-start fusion-content-layout-column\"><div class=\"fusion-separator fusion-full-width-sep\" style=\"align-self: center;margin-left: auto;margin-right: auto;width:100%;max-width:100%;\"><div class=\"fusion-separator-border sep-single sep-solid\" style=\"--awb-height:20px;--awb-amount:20px;border-color:var(--awb-color3);border-top-width:2px;\"><\/div><\/div><\/div><\/div><div class=\"fusion-layout-column fusion_builder_column fusion-builder-column-4 fusion_builder_column_1_1 1_1 fusion-flex-column\" style=\"--awb-bg-size:cover;--awb-width-large:100%;--awb-margin-top-large:0px;--awb-spacing-right-large:1.92%;--awb-margin-bottom-large:20px;--awb-spacing-left-large:1.92%;--awb-width-medium:100%;--awb-order-medium:0;--awb-spacing-right-medium:1.92%;--awb-spacing-left-medium:1.92%;--awb-width-small:100%;--awb-order-small:0;--awb-spacing-right-small:1.92%;--awb-spacing-left-small:1.92%;\"><div class=\"fusion-column-wrapper fusion-column-has-shadow fusion-flex-justify-content-flex-start fusion-content-layout-column\"><div class=\"fusion-text fusion-text-2\"><p>Lea lo \u00faltimo sobre <a title=\"Ver todos los servicios de salud infantil\" href=\"https:\/\/cvcclinic.com\/es\/servicios\/\">salud infantil<\/a>, noticias cl\u00ednicas y otros art\u00edculos relacionados con la atenci\u00f3n sanitaria, as\u00ed como art\u00edculos de padres como usted.<\/p>\n<\/div><\/div><\/div><\/div><\/div><div class=\"fusion-fullwidth fullwidth-box fusion-builder-row-2 fusion-flex-container has-pattern-background has-mask-background nonhundred-percent-fullwidth non-hundred-percent-height-scrolling\" style=\"--awb-border-radius-top-left:0px;--awb-border-radius-top-right:0px;--awb-border-radius-bottom-right:0px;--awb-border-radius-bottom-left:0px;--awb-flex-wrap:wrap;\" ><div class=\"fusion-builder-row fusion-row fusion-flex-align-items-flex-start fusion-flex-content-wrap\" style=\"max-width:1248px;margin-left: calc(-4% \/ 2 );margin-right: calc(-4% \/ 2 );\"><div class=\"fusion-layout-column fusion_builder_column fusion-builder-column-5 fusion_builder_column_1_1 1_1 fusion-flex-column\" style=\"--awb-bg-size:cover;--awb-width-large:100%;--awb-margin-top-large:0px;--awb-spacing-right-large:1.92%;--awb-margin-bottom-large:20px;--awb-spacing-left-large:1.92%;--awb-width-medium:100%;--awb-order-medium:0;--awb-spacing-right-medium:1.92%;--awb-spacing-left-medium:1.92%;--awb-width-small:100%;--awb-order-small:0;--awb-spacing-right-small:1.92%;--awb-spacing-left-small:1.92%;\"><div class=\"fusion-column-wrapper fusion-column-has-shadow fusion-flex-justify-content-flex-start fusion-content-layout-column\"><div class=\"fusion-separator fusion-full-width-sep\" style=\"align-self: center;margin-left: auto;margin-right: auto;margin-top:50px;width:100%;\"><\/div><\/div><\/div><\/div><\/div><div class=\"fusion-fullwidth fullwidth-box fusion-builder-row-3 fusion-flex-container hundred-percent-fullwidth non-hundred-percent-height-scrolling\" style=\"--awb-border-radius-top-left:0px;--awb-border-radius-top-right:0px;--awb-border-radius-bottom-right:0px;--awb-border-radius-bottom-left:0px;--awb-flex-wrap:wrap;\" ><div class=\"fusion-builder-row fusion-row fusion-flex-align-items-flex-start fusion-flex-content-wrap\" style=\"width:104% !important;max-width:104% !important;margin-left: calc(-4% \/ 2 );margin-right: calc(-4% \/ 2 );\"><div class=\"fusion-layout-column fusion_builder_column fusion-builder-column-6 fusion_builder_column_1_1 1_1 fusion-flex-column\" style=\"--awb-bg-size:cover;--awb-width-large:100%;--awb-margin-top-large:0px;--awb-spacing-right-large:1.92%;--awb-margin-bottom-large:20px;--awb-spacing-left-large:1.92%;--awb-width-medium:100%;--awb-order-medium:0;--awb-spacing-right-medium:1.92%;--awb-spacing-left-medium:1.92%;--awb-width-small:100%;--awb-order-small:0;--awb-spacing-right-small:1.92%;--awb-spacing-left-small:1.92%;\"><div class=\"fusion-column-wrapper fusion-column-has-shadow fusion-flex-justify-content-flex-start fusion-content-layout-column\"><div class=\"awb-gallery-wrapper awb-gallery-wrapper-1 button-span-no\"><div style=\"margin:-5px;--awb-bordersize:0px;\" class=\"fusion-gallery fusion-gallery-container fusion-grid-4 fusion-columns-total-4 fusion-gallery-layout-grid fusion-gallery-1\"><div style=\"padding:5px;\" class=\"fusion-grid-column fusion-gallery-column fusion-gallery-column-4 hover-type-none\"><div class=\"fusion-gallery-image\"><a href=\"https:\/\/cvcclinic.com\/wp-content\/uploads\/2022\/05\/0facilities-001-683x683-1.jpg\" rel=\"noreferrer\" data-rel=\"iLightbox[gallery_image_1]\" class=\"fusion-lightbox\" target=\"_self\"><img decoding=\"async\" src=\"https:\/\/cvcclinic.com\/wp-content\/uploads\/2022\/05\/0facilities-001-683x683-1.jpg\" width=\"683\" height=\"683\" alt=\"Cl\u00ednica Infantil Castle Valley\" title=\"Cl\u00ednica Infantil Castle Valley\" aria-label=\"Cl\u00ednica Infantil Castle Valley\" class=\"img-responsive wp-image-959\" srcset=\"https:\/\/cvcclinic.com\/wp-content\/uploads\/2022\/05\/0facilities-001-683x683-1-200x200.jpg 200w, https:\/\/cvcclinic.com\/wp-content\/uploads\/2022\/05\/0facilities-001-683x683-1-400x400.jpg 400w, https:\/\/cvcclinic.com\/wp-content\/uploads\/2022\/05\/0facilities-001-683x683-1-600x600.jpg 600w, https:\/\/cvcclinic.com\/wp-content\/uploads\/2022\/05\/0facilities-001-683x683-1.jpg 683w\" sizes=\"(min-width: 2200px) 100vw, (min-width: 856px) 296px, (min-width: 784px) 395px, (min-width: 712px) 593px, (min-width: 640px) 712px, \" \/><\/a><\/div><\/div><div style=\"padding:5px;\" class=\"fusion-grid-column fusion-gallery-column fusion-gallery-column-4 hover-type-none\"><div class=\"fusion-gallery-image\"><a href=\"https:\/\/cvcclinic.com\/wp-content\/uploads\/2022\/05\/0facilities-002-683x683-1.jpg\" rel=\"noreferrer\" data-rel=\"iLightbox[gallery_image_1]\" class=\"fusion-lightbox\" target=\"_self\"><img decoding=\"async\" src=\"https:\/\/cvcclinic.com\/wp-content\/uploads\/2022\/05\/0facilities-002-683x683-1.jpg\" width=\"683\" height=\"683\" alt=\"Cl\u00ednica Infantil Castle Valley\" title=\"Cl\u00ednica Infantil Castle Valley\" aria-label=\"Cl\u00ednica Infantil Castle Valley\" class=\"img-responsive wp-image-960\" srcset=\"https:\/\/cvcclinic.com\/wp-content\/uploads\/2022\/05\/0facilities-002-683x683-1-200x200.jpg 200w, https:\/\/cvcclinic.com\/wp-content\/uploads\/2022\/05\/0facilities-002-683x683-1-400x400.jpg 400w, https:\/\/cvcclinic.com\/wp-content\/uploads\/2022\/05\/0facilities-002-683x683-1-600x600.jpg 600w, https:\/\/cvcclinic.com\/wp-content\/uploads\/2022\/05\/0facilities-002-683x683-1.jpg 683w\" sizes=\"(min-width: 2200px) 100vw, (min-width: 856px) 296px, (min-width: 784px) 395px, (min-width: 712px) 593px, (min-width: 640px) 712px, \" \/><\/a><\/div><\/div><div style=\"padding:5px;\" class=\"fusion-grid-column fusion-gallery-column fusion-gallery-column-4 hover-type-none\"><div class=\"fusion-gallery-image\"><a href=\"https:\/\/cvcclinic.com\/wp-content\/uploads\/2022\/05\/0facilities-003-683x683-1.jpg\" rel=\"noreferrer\" data-rel=\"iLightbox[gallery_image_1]\" class=\"fusion-lightbox\" target=\"_self\"><img decoding=\"async\" src=\"https:\/\/cvcclinic.com\/wp-content\/uploads\/2022\/05\/0facilities-003-683x683-1.jpg\" width=\"683\" height=\"683\" alt=\"Cl\u00ednica Infantil Castle Valley\" title=\"Cl\u00ednica Infantil Castle Valley\" aria-label=\"Cl\u00ednica Infantil Castle Valley\" class=\"img-responsive wp-image-961\" srcset=\"https:\/\/cvcclinic.com\/wp-content\/uploads\/2022\/05\/0facilities-003-683x683-1-200x200.jpg 200w, https:\/\/cvcclinic.com\/wp-content\/uploads\/2022\/05\/0facilities-003-683x683-1-400x400.jpg 400w, https:\/\/cvcclinic.com\/wp-content\/uploads\/2022\/05\/0facilities-003-683x683-1-600x600.jpg 600w, https:\/\/cvcclinic.com\/wp-content\/uploads\/2022\/05\/0facilities-003-683x683-1.jpg 683w\" sizes=\"(min-width: 2200px) 100vw, (min-width: 856px) 296px, (min-width: 784px) 395px, (min-width: 712px) 593px, (min-width: 640px) 712px, \" \/><\/a><\/div><\/div><div style=\"padding:5px;\" class=\"fusion-grid-column fusion-gallery-column fusion-gallery-column-4 hover-type-none\"><div class=\"fusion-gallery-image\"><a href=\"https:\/\/cvcclinic.com\/wp-content\/uploads\/2022\/05\/0facilities-004-683x683-1.jpg\" rel=\"noreferrer\" data-rel=\"iLightbox[gallery_image_1]\" class=\"fusion-lightbox\" target=\"_self\"><img decoding=\"async\" src=\"https:\/\/cvcclinic.com\/wp-content\/uploads\/2022\/05\/0facilities-004-683x683-1.jpg\" width=\"683\" height=\"683\" alt=\"Cl\u00ednica Infantil Castle Valley\" title=\"Cl\u00ednica Infantil Castle Valley\" aria-label=\"Cl\u00ednica Infantil Castle Valley\" class=\"img-responsive wp-image-962\" srcset=\"https:\/\/cvcclinic.com\/wp-content\/uploads\/2022\/05\/0facilities-004-683x683-1-200x200.jpg 200w, https:\/\/cvcclinic.com\/wp-content\/uploads\/2022\/05\/0facilities-004-683x683-1-400x400.jpg 400w, https:\/\/cvcclinic.com\/wp-content\/uploads\/2022\/05\/0facilities-004-683x683-1-600x600.jpg 600w, https:\/\/cvcclinic.com\/wp-content\/uploads\/2022\/05\/0facilities-004-683x683-1.jpg 683w\" sizes=\"(min-width: 2200px) 100vw, (min-width: 856px) 296px, (min-width: 784px) 395px, (min-width: 712px) 593px, (min-width: 640px) 712px, \" \/><\/a><\/div><\/div><div class=\"clearfix\"><\/div><\/div><\/div><\/div><\/div><\/div><\/div>\n<\/p>\n","protected":false},"excerpt":{"rendered":"","protected":false},"author":1,"featured_media":870,"parent":0,"menu_order":0,"comment_status":"closed","ping_status":"closed","template":"100-width.php","meta":{"footnotes":""},"class_list":["post-1039","page","type-page","status-publish","has-post-thumbnail","hentry"],"yoast_head":"<!-- This site is optimized with the Yoast SEO plugin v27.4 - https:\/\/yoast.com\/product\/yoast-seo-wordpress\/ -->\n<title>Blog de salud y noticias de Castle Valley Children&#039;s Clinic<\/title>\n<meta name=\"description\" content=\"Lea art\u00edculos sobre atenci\u00f3n m\u00e9dica infantil, familias locales y noticias sobre atenci\u00f3n m\u00e9dica comunitaria en Castle Valley Children&#039;s Clinic en New Castle, CO.\" \/>\n<meta name=\"robots\" content=\"index, follow, max-snippet:-1, max-image-preview:large, max-video-preview:-1\" \/>\n<link rel=\"canonical\" href=\"https:\/\/cvcclinic.com\/es\/blog\/\" \/>\n<meta property=\"og:locale\" content=\"es_ES\" \/>\n<meta property=\"og:type\" content=\"article\" \/>\n<meta property=\"og:title\" content=\"Blog de salud y noticias de Castle Valley Children&#039;s Clinic\" \/>\n<meta property=\"og:description\" content=\"Lea art\u00edculos sobre atenci\u00f3n m\u00e9dica infantil, familias locales y noticias sobre atenci\u00f3n m\u00e9dica comunitaria en Castle Valley Children&#039;s Clinic en New Castle, CO.\" \/>\n<meta property=\"og:url\" content=\"https:\/\/cvcclinic.com\/es\/blog\/\" \/>\n<meta property=\"og:site_name\" content=\"Castle Valley Children&#039;s Clinic\" \/>\n<meta property=\"article:modified_time\" content=\"2024-03-08T13:48:31+00:00\" \/>\n<meta property=\"og:image\" content=\"https:\/\/cvcclinic.com\/wp-content\/uploads\/2022\/04\/Kids-Sports-cv.jpg\" \/>\n\t<meta property=\"og:image:width\" content=\"1000\" \/>\n\t<meta property=\"og:image:height\" content=\"350\" \/>\n\t<meta property=\"og:image:type\" content=\"image\/jpeg\" \/>\n<meta name=\"twitter:card\" content=\"summary_large_image\" \/>\n<meta name=\"twitter:label1\" content=\"Tiempo de lectura\" \/>\n\t<meta name=\"twitter:data1\" content=\"14 minutos\" \/>\n<script type=\"application\/ld+json\" class=\"yoast-schema-graph\">{\"@context\":\"https:\\\/\\\/schema.org\",\"@graph\":[{\"@type\":\"WebPage\",\"@id\":\"https:\\\/\\\/cvcclinic.com\\\/es\\\/blog\\\/\",\"url\":\"https:\\\/\\\/cvcclinic.com\\\/es\\\/blog\\\/\",\"name\":\"Blog de salud y noticias de Castle Valley Children's Clinic\",\"isPartOf\":{\"@id\":\"https:\\\/\\\/cvcclinic.com\\\/es\\\/#website\"},\"primaryImageOfPage\":{\"@id\":\"https:\\\/\\\/cvcclinic.com\\\/es\\\/blog\\\/#primaryimage\"},\"image\":{\"@id\":\"https:\\\/\\\/cvcclinic.com\\\/es\\\/blog\\\/#primaryimage\"},\"thumbnailUrl\":\"https:\\\/\\\/cvcclinic.com\\\/wp-content\\\/uploads\\\/2022\\\/04\\\/Kids-Sports-cv.jpg\",\"datePublished\":\"2022-04-30T11:53:14+00:00\",\"dateModified\":\"2024-03-08T13:48:31+00:00\",\"description\":\"Lea art\u00edculos sobre atenci\u00f3n m\u00e9dica infantil, familias locales y noticias sobre atenci\u00f3n m\u00e9dica comunitaria en Castle Valley Children's Clinic en New Castle, CO.\",\"breadcrumb\":{\"@id\":\"https:\\\/\\\/cvcclinic.com\\\/es\\\/blog\\\/#breadcrumb\"},\"inLanguage\":\"es\",\"potentialAction\":[{\"@type\":\"ReadAction\",\"target\":[\"https:\\\/\\\/cvcclinic.com\\\/es\\\/blog\\\/\"]}]},{\"@type\":\"ImageObject\",\"inLanguage\":\"es\",\"@id\":\"https:\\\/\\\/cvcclinic.com\\\/es\\\/blog\\\/#primaryimage\",\"url\":\"https:\\\/\\\/cvcclinic.com\\\/wp-content\\\/uploads\\\/2022\\\/04\\\/Kids-Sports-cv.jpg\",\"contentUrl\":\"https:\\\/\\\/cvcclinic.com\\\/wp-content\\\/uploads\\\/2022\\\/04\\\/Kids-Sports-cv.jpg\",\"width\":1000,\"height\":350},{\"@type\":\"BreadcrumbList\",\"@id\":\"https:\\\/\\\/cvcclinic.com\\\/es\\\/blog\\\/#breadcrumb\",\"itemListElement\":[{\"@type\":\"ListItem\",\"position\":1,\"name\":\"Home\",\"item\":\"https:\\\/\\\/cvcclinic.com\\\/es\\\/clinica-infantil-castle-valley\\\/\"},{\"@type\":\"ListItem\",\"position\":2,\"name\":\"Blog\"}]},{\"@type\":\"WebSite\",\"@id\":\"https:\\\/\\\/cvcclinic.com\\\/es\\\/#website\",\"url\":\"https:\\\/\\\/cvcclinic.com\\\/es\\\/\",\"name\":\"Castle Valley Children&#039;s Clinic\",\"description\":\"Kid&#039;s Are Our Business\",\"potentialAction\":[{\"@type\":\"SearchAction\",\"target\":{\"@type\":\"EntryPoint\",\"urlTemplate\":\"https:\\\/\\\/cvcclinic.com\\\/es\\\/?s={search_term_string}\"},\"query-input\":{\"@type\":\"PropertyValueSpecification\",\"valueRequired\":true,\"valueName\":\"search_term_string\"}}],\"inLanguage\":\"es\"}]}<\/script>\n<!-- \/ Yoast SEO plugin. -->","yoast_head_json":{"title":"Blog de salud y noticias de Castle Valley Children's Clinic","description":"Lea art\u00edculos sobre atenci\u00f3n m\u00e9dica infantil, familias locales y noticias sobre atenci\u00f3n m\u00e9dica comunitaria en Castle Valley Children's Clinic en New Castle, CO.","robots":{"index":"index","follow":"follow","max-snippet":"max-snippet:-1","max-image-preview":"max-image-preview:large","max-video-preview":"max-video-preview:-1"},"canonical":"https:\/\/cvcclinic.com\/es\/blog\/","og_locale":"es_ES","og_type":"article","og_title":"Blog de salud y noticias de Castle Valley Children's Clinic","og_description":"Lea art\u00edculos sobre atenci\u00f3n m\u00e9dica infantil, familias locales y noticias sobre atenci\u00f3n m\u00e9dica comunitaria en Castle Valley Children's Clinic en New Castle, CO.","og_url":"https:\/\/cvcclinic.com\/es\/blog\/","og_site_name":"Castle Valley Children&#039;s Clinic","article_modified_time":"2024-03-08T13:48:31+00:00","og_image":[{"width":1000,"height":350,"url":"https:\/\/cvcclinic.com\/wp-content\/uploads\/2022\/04\/Kids-Sports-cv.jpg","type":"image\/jpeg"}],"twitter_card":"summary_large_image","twitter_misc":{"Tiempo de lectura":"14 minutos"},"schema":{"@context":"https:\/\/schema.org","@graph":[{"@type":"WebPage","@id":"https:\/\/cvcclinic.com\/es\/blog\/","url":"https:\/\/cvcclinic.com\/es\/blog\/","name":"Blog de salud y noticias de Castle Valley Children's Clinic","isPartOf":{"@id":"https:\/\/cvcclinic.com\/es\/#website"},"primaryImageOfPage":{"@id":"https:\/\/cvcclinic.com\/es\/blog\/#primaryimage"},"image":{"@id":"https:\/\/cvcclinic.com\/es\/blog\/#primaryimage"},"thumbnailUrl":"https:\/\/cvcclinic.com\/wp-content\/uploads\/2022\/04\/Kids-Sports-cv.jpg","datePublished":"2022-04-30T11:53:14+00:00","dateModified":"2024-03-08T13:48:31+00:00","description":"Lea art\u00edculos sobre atenci\u00f3n m\u00e9dica infantil, familias locales y noticias sobre atenci\u00f3n m\u00e9dica comunitaria en Castle Valley Children's Clinic en New Castle, CO.","breadcrumb":{"@id":"https:\/\/cvcclinic.com\/es\/blog\/#breadcrumb"},"inLanguage":"es","potentialAction":[{"@type":"ReadAction","target":["https:\/\/cvcclinic.com\/es\/blog\/"]}]},{"@type":"ImageObject","inLanguage":"es","@id":"https:\/\/cvcclinic.com\/es\/blog\/#primaryimage","url":"https:\/\/cvcclinic.com\/wp-content\/uploads\/2022\/04\/Kids-Sports-cv.jpg","contentUrl":"https:\/\/cvcclinic.com\/wp-content\/uploads\/2022\/04\/Kids-Sports-cv.jpg","width":1000,"height":350},{"@type":"BreadcrumbList","@id":"https:\/\/cvcclinic.com\/es\/blog\/#breadcrumb","itemListElement":[{"@type":"ListItem","position":1,"name":"Home","item":"https:\/\/cvcclinic.com\/es\/clinica-infantil-castle-valley\/"},{"@type":"ListItem","position":2,"name":"Blog"}]},{"@type":"WebSite","@id":"https:\/\/cvcclinic.com\/es\/#website","url":"https:\/\/cvcclinic.com\/es\/","name":"Castle Valley Children&#039;s Clinic","description":"Kid&#039;s Are Our Business","potentialAction":[{"@type":"SearchAction","target":{"@type":"EntryPoint","urlTemplate":"https:\/\/cvcclinic.com\/es\/?s={search_term_string}"},"query-input":{"@type":"PropertyValueSpecification","valueRequired":true,"valueName":"search_term_string"}}],"inLanguage":"es"}]}},"_links":{"self":[{"href":"https:\/\/cvcclinic.com\/es\/wp-json\/wp\/v2\/pages\/1039","targetHints":{"allow":["GET"]}}],"collection":[{"href":"https:\/\/cvcclinic.com\/es\/wp-json\/wp\/v2\/pages"}],"about":[{"href":"https:\/\/cvcclinic.com\/es\/wp-json\/wp\/v2\/types\/page"}],"author":[{"embeddable":true,"href":"https:\/\/cvcclinic.com\/es\/wp-json\/wp\/v2\/users\/1"}],"replies":[{"embeddable":true,"href":"https:\/\/cvcclinic.com\/es\/wp-json\/wp\/v2\/comments?post=1039"}],"version-history":[{"count":48,"href":"https:\/\/cvcclinic.com\/es\/wp-json\/wp\/v2\/pages\/1039\/revisions"}],"predecessor-version":[{"id":3019,"href":"https:\/\/cvcclinic.com\/es\/wp-json\/wp\/v2\/pages\/1039\/revisions\/3019"}],"wp:featuredmedia":[{"embeddable":true,"href":"https:\/\/cvcclinic.com\/es\/wp-json\/wp\/v2\/media\/870"}],"wp:attachment":[{"href":"https:\/\/cvcclinic.com\/es\/wp-json\/wp\/v2\/media?parent=1039"}],"curies":[{"name":"wp","href":"https:\/\/api.w.org\/{rel}","templated":true}]}}