{"id":1051,"date":"2022-04-19T16:20:49","date_gmt":"2022-04-19T16:20:49","guid":{"rendered":"https:\/\/cvclinic.xyz\/declaracion-de-accesibilidad\/"},"modified":"2023-12-30T16:30:03","modified_gmt":"2023-12-30T16:30:03","slug":"declaracion-de-accesibilidad","status":"publish","type":"page","link":"https:\/\/cvcclinic.com\/es\/declaracion-de-accesibilidad\/","title":{"rendered":"Declaraci\u00f3n de accesibilidad"},"content":{"rendered":"<div class=\"fusion-fullwidth fullwidth-box fusion-builder-row-1 fusion-flex-container fusion-parallax-fixed nonhundred-percent-fullwidth non-hundred-percent-height-scrolling\" style=\"--awb-background-position:center top;--awb-border-radius-top-left:0px;--awb-border-radius-top-right:0px;--awb-border-radius-bottom-right:0px;--awb-border-radius-bottom-left:0px;--awb-padding-top:25px;--awb-padding-bottom:65px;--awb-margin-top:3.5%;--awb-background-image:url(&quot;https:\/\/cvcclinic.com\/wp-content\/uploads\/2022\/04\/Untitled-design-6.png&quot;);--awb-background-size:cover;--awb-flex-wrap:wrap;background-attachment:fixed;\" ><div class=\"fusion-builder-row fusion-row fusion-flex-align-items-flex-start fusion-flex-justify-content-space-between fusion-flex-content-wrap\" style=\"max-width:1248px;margin-left: calc(-4% \/ 2 );margin-right: calc(-4% \/ 2 );\"><div class=\"fusion-layout-column fusion_builder_column fusion-builder-column-0 fusion_builder_column_1_2 1_2 fusion-flex-column\" style=\"--awb-bg-size:cover;--awb-width-large:50%;--awb-margin-top-large:0px;--awb-spacing-right-large:3.84%;--awb-margin-bottom-large:20px;--awb-spacing-left-large:3.84%;--awb-width-medium:50%;--awb-order-medium:0;--awb-spacing-right-medium:3.84%;--awb-spacing-left-medium:3.84%;--awb-width-small:100%;--awb-order-small:0;--awb-spacing-right-small:1.92%;--awb-spacing-left-small:1.92%;\"><div class=\"fusion-column-wrapper fusion-column-has-shadow fusion-flex-justify-content-flex-start fusion-content-layout-column\"><div class=\"fusion-text fusion-text-1\" style=\"--awb-text-transform:none;\"><h4><strong>Declaraci\u00f3n de<\/strong> accesibilidad<\/h4>\n<p style=\"margin-top: -20px; size: 10px;\">Tel\u00e9fono: <a href=\"tel:+19709843333\">(970) 984-3333<\/a><\/p>\n<\/div><\/div><\/div><div class=\"fusion-layout-column fusion_builder_column fusion-builder-column-1 fusion_builder_column_1_6 1_6 fusion-flex-column fusion-flex-align-self-center fusion-no-small-visibility\" style=\"--awb-bg-size:cover;--awb-width-large:16.666666666667%;--awb-margin-top-large:0px;--awb-spacing-right-large:11.52%;--awb-margin-bottom-large:20px;--awb-spacing-left-large:11.52%;--awb-width-medium:16.666666666667%;--awb-order-medium:0;--awb-spacing-right-medium:11.52%;--awb-spacing-left-medium:11.52%;--awb-width-small:100%;--awb-order-small:0;--awb-spacing-right-small:1.92%;--awb-spacing-left-small:1.92%;\"><div class=\"fusion-column-wrapper fusion-column-has-shadow fusion-flex-justify-content-flex-end fusion-content-layout-row\"><div class=\"fusion-sharing-box fusion-sharing-box-1 fusion-no-small-visibility\" style=\"background-color:var(--awb-color2);border-color:#cccccc;--awb-margin-top:0px;--awb-margin-right:0px;--awb-margin-bottom:0px;--awb-margin-left:0px;--awb-separator-border-color:#cccccc;--awb-separator-border-sizes:0px;--awb-layout:row;--awb-alignment-small:space-between;--awb-stacked-align-small:center;\" data-title=\"Declaraci\u00f3n de accesibilidad\" data-description=\"Declaraci\u00f3n de accesibilidad\nTel\u00e9fono: (970) 984-3333  \r\n \r\nAccesibilidad en este sitio web.\nEn Castle Valley Children&#039;s Clinic, queremos que cada uno de los usuarios de nuestro sitio web tenga la mejor experiencia posible, tanto en persona como en l\u00ednea. https:\/\/cvcclinic.com\/ proporciona varios m\u00e9todos diferentes que pueden ayudar con el\" data-link=\"https:\/\/cvcclinic.com\/es\/declaracion-de-accesibilidad\/\"><div class=\"fusion-social-networks sharingbox-shortcode-icon-wrapper sharingbox-shortcode-icon-wrapper-1\"><span><a href=\"https:\/\/www.facebook.com\/sharer.php?u=https%3A%2F%2Fcvcclinic.com%2Fes%2Fdeclaracion-de-accesibilidad%2F&amp;t=Declaraci%C3%B3n%20de%20accesibilidad\" target=\"_blank\" rel=\"noreferrer\" title=\"Facebook\" aria-label=\"Facebook\" data-placement=\"top\" data-toggle=\"tooltip\" data-title=\"Facebook\"><i class=\"fusion-social-network-icon fusion-tooltip fusion-facebook awb-icon-facebook\" style=\"color:var(--awb-color8);\" aria-hidden=\"true\"><\/i><\/a><\/span><span><a href=\"https:\/\/x.com\/intent\/post?text=Declaraci%C3%B3n%20de%20accesibilidad&amp;url=https%3A%2F%2Fcvcclinic.com%2Fes%2Fdeclaracion-de-accesibilidad%2F\" target=\"_blank\" rel=\"noopener noreferrer\" title=\"X\" aria-label=\"X\" data-placement=\"top\" data-toggle=\"tooltip\" data-title=\"X\"><i class=\"fusion-social-network-icon fusion-tooltip fusion-twitter awb-icon-twitter\" style=\"color:var(--awb-color8);\" aria-hidden=\"true\"><\/i><\/a><\/span><span><a href=\"mailto:?subject=Declaraci%C3%B3n%20de%20accesibilidad&amp;body=https%3A%2F%2Fcvcclinic.com%2Fes%2Fdeclaracion-de-accesibilidad%2F\" target=\"_self\" title=\"Email\" aria-label=\"Email\" data-placement=\"top\" data-toggle=\"tooltip\" data-title=\"Email\"><i class=\"fusion-social-network-icon fusion-tooltip fusion-mail awb-icon-mail\" style=\"color:var(--awb-color8);\" aria-hidden=\"true\"><\/i><\/a><\/span><\/div><\/div><\/div><\/div>\n\n<div class=\"fusion-layout-column fusion_builder_column fusion-builder-column-2 fusion_builder_column_1_1 1_1 fusion-flex-column\" style=\"--awb-bg-size:cover;--awb-width-large:100%;--awb-margin-top-large:0px;--awb-spacing-right-large:1.92%;--awb-margin-bottom-large:20px;--awb-spacing-left-large:1.92%;--awb-width-medium:100%;--awb-order-medium:0;--awb-spacing-right-medium:1.92%;--awb-spacing-left-medium:1.92%;--awb-width-small:100%;--awb-order-small:0;--awb-spacing-right-small:1.92%;--awb-spacing-left-small:1.92%;\"><div class=\"fusion-column-wrapper fusion-column-has-shadow fusion-flex-justify-content-flex-start fusion-content-layout-column\"><div class=\"fusion-separator fusion-full-width-sep\" style=\"align-self: center;margin-left: auto;margin-right: auto;width:100%;max-width:100%;\"><div class=\"fusion-separator-border sep-single sep-solid\" style=\"--awb-height:20px;--awb-amount:20px;border-color:var(--awb-color3);border-top-width:2px;\"><\/div><\/div><\/div><\/div><div class=\"fusion-layout-column fusion_builder_column fusion-builder-column-3 fusion_builder_column_1_1 1_1 fusion-flex-column\" style=\"--awb-bg-size:cover;--awb-width-large:100%;--awb-margin-top-large:0px;--awb-spacing-right-large:1.92%;--awb-margin-bottom-large:20px;--awb-spacing-left-large:1.92%;--awb-width-medium:100%;--awb-order-medium:0;--awb-spacing-right-medium:1.92%;--awb-spacing-left-medium:1.92%;--awb-width-small:100%;--awb-order-small:0;--awb-spacing-right-small:1.92%;--awb-spacing-left-small:1.92%;\"><div class=\"fusion-column-wrapper fusion-column-has-shadow fusion-flex-justify-content-center fusion-content-layout-column\"><div class=\"fusion-text fusion-text-2\" style=\"--awb-text-transform:none;\"><h1>Accesibilidad en este sitio web.<\/h1>\n<p>En Castle Valley Children&#8217;s Clinic, queremos que cada uno de los usuarios de nuestro sitio web tenga la mejor experiencia posible, tanto en persona como en l\u00ednea. https:\/\/cvcclinic.com\/ proporciona varios m\u00e9todos diferentes que pueden ayudar con el acceso a nuestro sitio web, incluidas las funciones de accesibilidad compatibles descritas en las Pautas de accesibilidad al contenido web (WCAG) 2.1. Supervisamos constantemente el cumplimiento actual de ADA para garantizar que se cumplan los est\u00e1ndares WCAG 2.1.<\/p>\n<p>A pesar de los esfuerzos de Castle Valley Children&#8217;s Clinic para que nuestro sitio web sea lo m\u00e1s accesible posible, es posible que se mejoren algunos contenidos o caracter\u00edsticas, por lo que agradecemos sus comentarios. Env\u00edenos un correo electr\u00f3nico a info@cvcclinic.com con cualquier pregunta o comentario que tenga.<\/p>\n<h3>Pila tecnol\u00f3gica y servicios de terceros.<\/h3>\n<p>https:\/\/cvcclinic.com\/ est\u00e1 optimizado para los navegadores web Chrome y Safari en computadoras de escritorio y tel\u00e9fonos m\u00f3viles. Para garantizar la mejor experiencia, mantenga su tecnolog\u00eda actualizada. Utilice la \u00faltima versi\u00f3n de su navegador web y la \u00faltima versi\u00f3n de cualquier tecnolog\u00eda de asistencia.<\/p>\n<p>Este sitio web puede utilizar complementos de terceros para determinadas funciones, como la visualizaci\u00f3n de mapas a trav\u00e9s de Google Maps, la optimizaci\u00f3n de im\u00e1genes, el marketing por correo electr\u00f3nico y otras aplicaciones que se utilizan para mejorar su experiencia de navegaci\u00f3n.<\/p>\n<p>No controlamos la funcionalidad de los servicios de terceros, y es posible que algunas funciones no funcionen de la misma manera para todos los usuarios o todos los tipos de discapacidad. No siempre podemos modificar estas aplicaciones y servicios para adaptarlos a todos los usuarios, ya que no tenemos control total sobre ellos. No somos responsables de ninguno de estos elementos que no controlamos.<\/p>\n<h3>\u00bfNecesitas ayuda?<\/h3>\n<p>Castle Valley Children&#8217;s Clinic trabajar\u00e1 con usted para garantizar que tenga pleno acceso a la informaci\u00f3n disponible para el p\u00fablico en nuestro sitio. Si ha encontrado una parte inaccesible de nuestro sitio web, especifique la p\u00e1gina o el elemento del sitio web y cualquier informaci\u00f3n relevante para que podamos localizar y solucionar el problema. Si no podemos hacer que este elemento sea accesible, trabajaremos para brindarle este contenido a trav\u00e9s de un m\u00e9todo alternativo.<\/p>\n<p>P\u00f3ngase en contacto con nosotros en cualquiera de los siguientes si tiene problemas de accesibilidad:<\/p>\n<p>Tel\u00e9fono: (970) 984-3333<\/p>\n<p>Correo electr\u00f3nico: info@cvcclinic.com<\/p>\n<\/div><\/div><\/div><div class=\"fusion-layout-column fusion_builder_column fusion-builder-column-4 fusion_builder_column_1_2 1_2 fusion-flex-column\" style=\"--awb-bg-size:cover;--awb-width-large:50%;--awb-margin-top-large:0px;--awb-spacing-right-large:3.84%;--awb-margin-bottom-large:20px;--awb-spacing-left-large:3.84%;--awb-width-medium:50%;--awb-order-medium:0;--awb-spacing-right-medium:3.84%;--awb-spacing-left-medium:3.84%;--awb-width-small:100%;--awb-order-small:0;--awb-spacing-right-small:1.92%;--awb-spacing-left-small:1.92%;\"><div class=\"fusion-column-wrapper fusion-column-has-shadow fusion-flex-justify-content-flex-start fusion-content-layout-column\"><div class=\"fusion-builder-row fusion-builder-row-inner fusion-row fusion-flex-align-items-flex-start fusion-flex-justify-content-space-between fusion-flex-content-wrap\" style=\"--awb-flex-grow:0;--awb-flex-grow-medium:0;--awb-flex-grow-small:0;--awb-flex-shrink:0;--awb-flex-shrink-medium:0;--awb-flex-shrink-small:0;width:104% !important;max-width:104% !important;margin-left: calc(-4% \/ 2 );margin-right: calc(-4% \/ 2 );\"><div class=\"fusion-layout-column fusion_builder_column_inner fusion-builder-nested-column-0 fusion_builder_column_inner_1_4 1_4 fusion-flex-column fusion-flex-align-self-stretch\" style=\"--awb-padding-top:6px;--awb-padding-right:6px;--awb-padding-bottom:7px;--awb-padding-left:6px;--awb-bg-color:#8971ad;--awb-bg-color-hover:#8971ad;--awb-bg-size:cover;--awb-width-large:25%;--awb-margin-top-large:0px;--awb-spacing-right-large:0%;--awb-margin-bottom-large:0px;--awb-spacing-left-large:7.68%;--awb-width-medium:25%;--awb-order-medium:0;--awb-spacing-right-medium:0%;--awb-spacing-left-medium:7.68%;--awb-width-small:100%;--awb-order-small:0;--awb-spacing-right-small:1.92%;--awb-spacing-left-small:1.92%;\"><div class=\"fusion-column-wrapper fusion-column-has-shadow fusion-flex-justify-content-space-between fusion-content-layout-column\"><iframe style=\"border: 0;\" src=\"https:\/\/www.google.com\/maps\/embed?pb=!1m14!1m8!1m3!1d12302.374214366266!2d-107.5146713!3d39.5687713!3m2!1i1024!2i768!4f13.1!3m3!1m2!1s0x0:0x60e21b770ac1183c!2sCastle%20Valley%20Children's%20Clinic!5e0!3m2!1sen!2sus!4v1649342538946!5m2!1sen!2sus\" width=\"150\" height=\"220\" allowfullscreen=\"allowfullscreen\"><\/iframe><\/div><\/div><div class=\"fusion-layout-column fusion_builder_column_inner fusion-builder-nested-column-1 fusion_builder_column_inner_3_4 3_4 fusion-flex-column fusion-flex-align-self-center\" style=\"--awb-padding-top:5px;--awb-padding-right:5px;--awb-padding-bottom:5px;--awb-padding-left:15px;--awb-bg-color:#8971ad;--awb-bg-color-hover:#8971ad;--awb-bg-size:cover;--awb-width-large:75%;--awb-margin-top-large:0px;--awb-spacing-right-large:2.56%;--awb-margin-bottom-large:0px;--awb-spacing-left-large:0%;--awb-width-medium:75%;--awb-order-medium:0;--awb-spacing-right-medium:2.56%;--awb-spacing-left-medium:0%;--awb-width-small:100%;--awb-order-small:0;--awb-spacing-right-small:1.92%;--awb-spacing-left-small:1.92%;\"><div class=\"fusion-column-wrapper fusion-column-has-shadow fusion-flex-justify-content-center fusion-content-layout-column\"><div class=\"fusion-text fusion-text-3\" style=\"--awb-text-transform:none;--awb-text-color:#ffffff;\"><h4 style=\"color: #ffffff;\"><strong>Horario de la Cl\u00ednica New Castle:<\/strong><\/h4>\n<p>820 Castle Valley Blvd Ste 204<br \/>\nNuevo castillo, Co 81647<\/p>\n<p>Lunes &#8211; Viernes: 9:00 AM -5:00 PM<br \/>\nAlmuerzo diario: 12:00 &#8211; 13:00<\/p>\n<\/div><\/div><\/div><\/div>\n\n<\/div><\/div><div class=\"fusion-layout-column fusion_builder_column fusion-builder-column-5 fusion_builder_column_1_2 1_2 fusion-flex-column\" style=\"--awb-bg-size:cover;--awb-width-large:50%;--awb-margin-top-large:0px;--awb-spacing-right-large:3.84%;--awb-margin-bottom-large:20px;--awb-spacing-left-large:3.84%;--awb-width-medium:50%;--awb-order-medium:0;--awb-spacing-right-medium:3.84%;--awb-spacing-left-medium:3.84%;--awb-width-small:100%;--awb-order-small:0;--awb-spacing-right-small:1.92%;--awb-spacing-left-small:1.92%;\"><div class=\"fusion-column-wrapper fusion-column-has-shadow fusion-flex-justify-content-flex-start fusion-content-layout-column\"><div class=\"fusion-builder-row fusion-builder-row-inner fusion-row fusion-flex-align-items-flex-start fusion-flex-justify-content-space-between fusion-flex-content-wrap\" style=\"--awb-flex-grow:0;--awb-flex-grow-medium:0;--awb-flex-grow-small:0;--awb-flex-shrink:0;--awb-flex-shrink-medium:0;--awb-flex-shrink-small:0;width:104% !important;max-width:104% !important;margin-left: calc(-4% \/ 2 );margin-right: calc(-4% \/ 2 );\"><div class=\"fusion-layout-column fusion_builder_column_inner fusion-builder-nested-column-2 fusion_builder_column_inner_1_4 1_4 fusion-flex-column fusion-flex-align-self-stretch\" style=\"--awb-padding-top:6px;--awb-padding-right:6px;--awb-padding-left:6px;--awb-bg-color:#59b288;--awb-bg-color-hover:#59b288;--awb-bg-size:cover;--awb-width-large:25%;--awb-margin-top-large:0px;--awb-spacing-right-large:0%;--awb-margin-bottom-large:0px;--awb-spacing-left-large:7.68%;--awb-width-medium:25%;--awb-order-medium:0;--awb-spacing-right-medium:0%;--awb-spacing-left-medium:7.68%;--awb-width-small:100%;--awb-order-small:0;--awb-spacing-right-small:1.92%;--awb-spacing-left-small:1.92%;\"><div class=\"fusion-column-wrapper fusion-column-has-shadow fusion-flex-justify-content-space-between fusion-content-layout-column\"><iframe src=\"https:\/\/www.google.com\/maps\/embed?pb=!1m18!1m12!1m3!1d3082.568526653174!2d-107.22692768503205!3d39.4112666240957!2m3!1f0!2f0!3f0!3m2!1i1024!2i768!4f13.1!3m3!1m2!1s0x8741abdca42f497b:0x43756224e0e0ca2e!2s2655%20Dolores%20Way,%20Carbondale,%20CO%2081623!5e0!3m2!1sen!2sus!4v1649342727629!5m2!1sen!2sus\" width=\"150\" height=\"220\" style=\"border:0;\" allowfullscreen=\"\" loading=\"lazy\" referrerpolicy=\"no-referrer-when-downgrade\"><\/iframe><\/div><\/div><div class=\"fusion-layout-column fusion_builder_column_inner fusion-builder-nested-column-3 fusion_builder_column_inner_3_4 3_4 fusion-flex-column fusion-flex-align-self-center\" style=\"--awb-padding-top:5px;--awb-padding-right:5px;--awb-padding-bottom:5px;--awb-padding-left:15px;--awb-bg-color:#59b288;--awb-bg-color-hover:#59b288;--awb-bg-size:cover;--awb-width-large:75%;--awb-margin-top-large:0px;--awb-spacing-right-large:2.56%;--awb-margin-bottom-large:0px;--awb-spacing-left-large:0%;--awb-width-medium:75%;--awb-order-medium:0;--awb-spacing-right-medium:2.56%;--awb-spacing-left-medium:0%;--awb-width-small:100%;--awb-order-small:0;--awb-spacing-right-small:1.92%;--awb-spacing-left-small:1.92%;\"><div class=\"fusion-column-wrapper fusion-column-has-shadow fusion-flex-justify-content-center fusion-content-layout-column\"><div class=\"fusion-text fusion-text-4\" style=\"--awb-text-transform:none;--awb-text-color:#ffffff;\"><h4 style=\"color: #ffffff;\"><strong>Horario de la Cl\u00ednica Carbondale:<\/strong><\/h4>\n<p>2615 Dolores Way Unidad 103<br \/>\nCarbondale, CO 81623<\/p>\n<p>Lunes &#8211; Viernes: 9:00 AM -5:00 PM<br \/>\nAlmuerzo diario: 12:00 &#8211; 13:00<\/p>\n<\/div><\/div><\/div><\/div>\n\n<\/div><\/div><\/div><\/div>\n","protected":false},"excerpt":{"rendered":"","protected":false},"author":1,"featured_media":0,"parent":0,"menu_order":0,"comment_status":"closed","ping_status":"closed","template":"100-width.php","meta":{"footnotes":""},"class_list":["post-1051","page","type-page","status-publish","hentry"],"yoast_head":"<!-- This site is optimized with the Yoast SEO plugin v27.4 - https:\/\/yoast.com\/product\/yoast-seo-wordpress\/ -->\n<title>Declaraci\u00f3n de accesibilidad del sitio web de Castle Valley Children&#039;s Clinic<\/title>\n<meta name=\"description\" content=\"Lea en l\u00ednea la declaraci\u00f3n de accesibilidad del sitio web de Castle Valley Children&#039;s Clinic.\" \/>\n<meta name=\"robots\" content=\"index, follow, max-snippet:-1, max-image-preview:large, max-video-preview:-1\" \/>\n<link rel=\"canonical\" href=\"https:\/\/cvcclinic.com\/es\/declaracion-de-accesibilidad\/\" \/>\n<meta property=\"og:locale\" content=\"es_ES\" \/>\n<meta property=\"og:type\" content=\"article\" \/>\n<meta property=\"og:title\" content=\"Declaraci\u00f3n de accesibilidad del sitio web de Castle Valley Children&#039;s Clinic\" \/>\n<meta property=\"og:description\" content=\"Lea en l\u00ednea la declaraci\u00f3n de accesibilidad del sitio web de Castle Valley Children&#039;s Clinic.\" \/>\n<meta property=\"og:url\" content=\"https:\/\/cvcclinic.com\/es\/declaracion-de-accesibilidad\/\" \/>\n<meta property=\"og:site_name\" content=\"Castle Valley Children&#039;s Clinic\" \/>\n<meta property=\"article:modified_time\" content=\"2023-12-30T16:30:03+00:00\" \/>\n<meta name=\"twitter:card\" content=\"summary_large_image\" \/>\n<meta name=\"twitter:label1\" content=\"Tiempo de lectura\" \/>\n\t<meta name=\"twitter:data1\" content=\"10 minutos\" \/>\n<script type=\"application\/ld+json\" class=\"yoast-schema-graph\">{\"@context\":\"https:\\\/\\\/schema.org\",\"@graph\":[{\"@type\":\"WebPage\",\"@id\":\"https:\\\/\\\/cvcclinic.com\\\/es\\\/declaracion-de-accesibilidad\\\/\",\"url\":\"https:\\\/\\\/cvcclinic.com\\\/es\\\/declaracion-de-accesibilidad\\\/\",\"name\":\"Declaraci\u00f3n de accesibilidad del sitio web de Castle Valley Children's Clinic\",\"isPartOf\":{\"@id\":\"https:\\\/\\\/cvcclinic.com\\\/es\\\/#website\"},\"datePublished\":\"2022-04-19T16:20:49+00:00\",\"dateModified\":\"2023-12-30T16:30:03+00:00\",\"description\":\"Lea en l\u00ednea la declaraci\u00f3n de accesibilidad del sitio web de Castle Valley Children's Clinic.\",\"breadcrumb\":{\"@id\":\"https:\\\/\\\/cvcclinic.com\\\/es\\\/declaracion-de-accesibilidad\\\/#breadcrumb\"},\"inLanguage\":\"es\",\"potentialAction\":[{\"@type\":\"ReadAction\",\"target\":[\"https:\\\/\\\/cvcclinic.com\\\/es\\\/declaracion-de-accesibilidad\\\/\"]}]},{\"@type\":\"BreadcrumbList\",\"@id\":\"https:\\\/\\\/cvcclinic.com\\\/es\\\/declaracion-de-accesibilidad\\\/#breadcrumb\",\"itemListElement\":[{\"@type\":\"ListItem\",\"position\":1,\"name\":\"Home\",\"item\":\"https:\\\/\\\/cvcclinic.com\\\/es\\\/clinica-infantil-castle-valley\\\/\"},{\"@type\":\"ListItem\",\"position\":2,\"name\":\"Declaraci\u00f3n de accesibilidad\"}]},{\"@type\":\"WebSite\",\"@id\":\"https:\\\/\\\/cvcclinic.com\\\/es\\\/#website\",\"url\":\"https:\\\/\\\/cvcclinic.com\\\/es\\\/\",\"name\":\"Castle Valley Children&#039;s Clinic\",\"description\":\"Kid&#039;s Are Our Business\",\"potentialAction\":[{\"@type\":\"SearchAction\",\"target\":{\"@type\":\"EntryPoint\",\"urlTemplate\":\"https:\\\/\\\/cvcclinic.com\\\/es\\\/?s={search_term_string}\"},\"query-input\":{\"@type\":\"PropertyValueSpecification\",\"valueRequired\":true,\"valueName\":\"search_term_string\"}}],\"inLanguage\":\"es\"}]}<\/script>\n<!-- \/ Yoast SEO plugin. -->","yoast_head_json":{"title":"Declaraci\u00f3n de accesibilidad del sitio web de Castle Valley Children's Clinic","description":"Lea en l\u00ednea la declaraci\u00f3n de accesibilidad del sitio web de Castle Valley Children's Clinic.","robots":{"index":"index","follow":"follow","max-snippet":"max-snippet:-1","max-image-preview":"max-image-preview:large","max-video-preview":"max-video-preview:-1"},"canonical":"https:\/\/cvcclinic.com\/es\/declaracion-de-accesibilidad\/","og_locale":"es_ES","og_type":"article","og_title":"Declaraci\u00f3n de accesibilidad del sitio web de Castle Valley Children's Clinic","og_description":"Lea en l\u00ednea la declaraci\u00f3n de accesibilidad del sitio web de Castle Valley Children's Clinic.","og_url":"https:\/\/cvcclinic.com\/es\/declaracion-de-accesibilidad\/","og_site_name":"Castle Valley Children&#039;s Clinic","article_modified_time":"2023-12-30T16:30:03+00:00","twitter_card":"summary_large_image","twitter_misc":{"Tiempo de lectura":"10 minutos"},"schema":{"@context":"https:\/\/schema.org","@graph":[{"@type":"WebPage","@id":"https:\/\/cvcclinic.com\/es\/declaracion-de-accesibilidad\/","url":"https:\/\/cvcclinic.com\/es\/declaracion-de-accesibilidad\/","name":"Declaraci\u00f3n de accesibilidad del sitio web de Castle Valley Children's Clinic","isPartOf":{"@id":"https:\/\/cvcclinic.com\/es\/#website"},"datePublished":"2022-04-19T16:20:49+00:00","dateModified":"2023-12-30T16:30:03+00:00","description":"Lea en l\u00ednea la declaraci\u00f3n de accesibilidad del sitio web de Castle Valley Children's Clinic.","breadcrumb":{"@id":"https:\/\/cvcclinic.com\/es\/declaracion-de-accesibilidad\/#breadcrumb"},"inLanguage":"es","potentialAction":[{"@type":"ReadAction","target":["https:\/\/cvcclinic.com\/es\/declaracion-de-accesibilidad\/"]}]},{"@type":"BreadcrumbList","@id":"https:\/\/cvcclinic.com\/es\/declaracion-de-accesibilidad\/#breadcrumb","itemListElement":[{"@type":"ListItem","position":1,"name":"Home","item":"https:\/\/cvcclinic.com\/es\/clinica-infantil-castle-valley\/"},{"@type":"ListItem","position":2,"name":"Declaraci\u00f3n de accesibilidad"}]},{"@type":"WebSite","@id":"https:\/\/cvcclinic.com\/es\/#website","url":"https:\/\/cvcclinic.com\/es\/","name":"Castle Valley Children&#039;s Clinic","description":"Kid&#039;s Are Our Business","potentialAction":[{"@type":"SearchAction","target":{"@type":"EntryPoint","urlTemplate":"https:\/\/cvcclinic.com\/es\/?s={search_term_string}"},"query-input":{"@type":"PropertyValueSpecification","valueRequired":true,"valueName":"search_term_string"}}],"inLanguage":"es"}]}},"_links":{"self":[{"href":"https:\/\/cvcclinic.com\/es\/wp-json\/wp\/v2\/pages\/1051","targetHints":{"allow":["GET"]}}],"collection":[{"href":"https:\/\/cvcclinic.com\/es\/wp-json\/wp\/v2\/pages"}],"about":[{"href":"https:\/\/cvcclinic.com\/es\/wp-json\/wp\/v2\/types\/page"}],"author":[{"embeddable":true,"href":"https:\/\/cvcclinic.com\/es\/wp-json\/wp\/v2\/users\/1"}],"replies":[{"embeddable":true,"href":"https:\/\/cvcclinic.com\/es\/wp-json\/wp\/v2\/comments?post=1051"}],"version-history":[{"count":8,"href":"https:\/\/cvcclinic.com\/es\/wp-json\/wp\/v2\/pages\/1051\/revisions"}],"predecessor-version":[{"id":2673,"href":"https:\/\/cvcclinic.com\/es\/wp-json\/wp\/v2\/pages\/1051\/revisions\/2673"}],"wp:attachment":[{"href":"https:\/\/cvcclinic.com\/es\/wp-json\/wp\/v2\/media?parent=1051"}],"curies":[{"name":"wp","href":"https:\/\/api.w.org\/{rel}","templated":true}]}}